{"id":69,"date":"2019-11-28T03:18:43","date_gmt":"2019-11-28T02:18:43","guid":{"rendered":"http:\/\/www.adegt.com\/?p=69"},"modified":"2024-05-04T12:24:39","modified_gmt":"2024-05-04T10:24:39","slug":"association-defense-de-lenvironnement-de-la-gatine-tourangelle","status":"publish","type":"page","link":"https:\/\/www.adegt.com\/","title":{"rendered":"Association de D\u00e9fense de l\u2019Environnement de la G\u00e2tine Tourangelle"},"content":{"rendered":"\n<p><strong>Notre profession de foi <\/strong><\/p>\n\n\n\n<p>\u00ab Nous ne sommes ni pro-nucl\u00e9aires, ni pro-bougies ! La r\u00e9gion manque de vent ; les \u00e9oliennes fabriqu\u00e9es par des multinationales \u00e9trang\u00e8res y tournent seulement \u00e0 20 % de leur capacit\u00e9, ce qui g\u00e9n\u00e8re une production non significative. En outre, viennent s&rsquo;y ajouter des probl\u00e8mes de pollution, de co\u00fbt, d&rsquo;absence de garantie, de d\u00e9valorisation du patrimoine et de transformation agressive du paysage, de modification du sol, de protection des habitants, de nuisances sonores et d&rsquo;absence d&rsquo;information. La solution alternative, c&rsquo;est une exploitation raisonn\u00e9e de l&rsquo;\u00e9nergie qui passe par une \u00e9conomie de la consommation. Si le permis de construire est valid\u00e9, nous irons en justice ! \u00bb  <\/p>\n\n\n\n<p class=\"has-text-align-center has-large-font-size\"><strong>EOLIENNES EN TOURAINE<\/strong><\/p>\n\n\n\n<p class=\"has-text-align-center has-vivid-red-color has-text-color has-link-color has-large-font-size wp-elements-9eb79750a8b6936b626a69f6371ba5a3\"><strong>Le combat est devenu vital<\/strong> !<\/p>\n\n\n\n<p class=\"has-text-align-center\"><strong>30\/04\/202<\/strong>4: <strong>H\u00e9 bien, nous y sommes, et nous devons aller en justice.<\/strong><\/p>\n\n\n\n<p class=\"has-text-align-center\"><strong>14 Associations locales et Nationales forment un recours collectif en annulation contre l\u2019arr\u00eat\u00e9 du 19\/02\/2024, par lequel le pr\u00e9fet d\u2019Indre et Loire a d\u00e9livr\u00e9 \u00e0 la soci\u00e9t\u00e9 Parc \u00e9olien Oratorio une autorisation environnementale portant sur la construction et sur l\u2019exploitation de quatre \u00e9oliennes et d\u2019un poste de raccordement sur le territoire de la commune d\u2019Auzouer-en-Touraine.<\/strong><\/p>\n\n\n\n<p class=\"has-text-align-center\"><strong>Nous comptons sur vous pour nous aider dans cette lutte et obtenir l\u2019annulation de l&rsquo; arr\u00eat\u00e9 pr\u00e9fectoral<\/strong><a href=\"https:\/\/www.adegt.com\/index.php\/2024\/05\/02\/appel-aux-dons\/\">. https:\/\/www.adegt.com\/index.php\/2024\/05\/02\/appel-aux-dons\/<\/a><strong>.<\/strong><\/p>\n\n\n\n<p><\/p>\n","protected":false},"excerpt":{"rendered":"<div class=\"mh-excerpt\"><p>Notre profession de foi \u00ab Nous ne sommes ni pro-nucl\u00e9aires, ni pro-bougies ! La r\u00e9gion manque de vent ; les \u00e9oliennes fabriqu\u00e9es par des multinationales <a class=\"mh-excerpt-more\" href=\"https:\/\/www.adegt.com\/\" title=\"Association de D\u00e9fense de l\u2019Environnement de la G\u00e2tine Tourangelle\">[&#8230;]<\/a><\/p>\n<\/div>","protected":false},"author":3,"featured_media":119,"parent":0,"menu_order":0,"comment_status":"closed","ping_status":"open","template":"","meta":{"footnotes":""},"class_list":["post-69","page","type-page","status-publish","has-post-thumbnail","hentry"],"_links":{"self":[{"href":"https:\/\/www.adegt.com\/index.php\/wp-json\/wp\/v2\/pages\/69","targetHints":{"allow":["GET"]}}],"collection":[{"href":"https:\/\/www.adegt.com\/index.php\/wp-json\/wp\/v2\/pages"}],"about":[{"href":"https:\/\/www.adegt.com\/index.php\/wp-json\/wp\/v2\/types\/page"}],"author":[{"embeddable":true,"href":"https:\/\/www.adegt.com\/index.php\/wp-json\/wp\/v2\/users\/3"}],"replies":[{"embeddable":true,"href":"https:\/\/www.adegt.com\/index.php\/wp-json\/wp\/v2\/comments?post=69"}],"version-history":[{"count":19,"href":"https:\/\/www.adegt.com\/index.php\/wp-json\/wp\/v2\/pages\/69\/revisions"}],"predecessor-version":[{"id":7121,"href":"https:\/\/www.adegt.com\/index.php\/wp-json\/wp\/v2\/pages\/69\/revisions\/7121"}],"wp:featuredmedia":[{"embeddable":true,"href":"https:\/\/www.adegt.com\/index.php\/wp-json\/wp\/v2\/media\/119"}],"wp:attachment":[{"href":"https:\/\/www.adegt.com\/index.php\/wp-json\/wp\/v2\/media?parent=69"}],"curies":[{"name":"wp","href":"https:\/\/api.w.org\/{rel}","templated":true}]}}