{"id":90,"date":"2019-11-28T03:43:41","date_gmt":"2019-11-28T02:43:41","guid":{"rendered":"http:\/\/www.adegt.com\/?p=90"},"modified":"2023-10-09T10:16:21","modified_gmt":"2023-10-09T08:16:21","slug":"presse","status":"publish","type":"page","link":"https:\/\/www.adegt.com\/index.php\/presse\/","title":{"rendered":"Presse"},"content":{"rendered":"\n<figure class=\"wp-block-image\"><img decoding=\"async\" src=\"https:\/\/images.lanouvellerepublique.fr\/image\/upload\/t_1020w\/f_auto\/58c34cf3479a45ab2d8b45df.jpg\" alt=\"A l'heure du conseil communautaire Vent de Loire et l'ADEGT ont pu faire part aux \u00e9lus de leurs pr\u00e9occupations quant aux projets \u00e9oliens dans le secteur.\"\/><figcaption>A l&rsquo;heure du conseil communautaire Vent de Loire et l&rsquo;ADEGT ont pu faire part aux \u00e9lus de leurs pr\u00e9occupations quant aux projets \u00e9oliens dans le secteur.<br><\/figcaption><\/figure>\n\n\n\n<p>Ils \u00e9taient une cinquantaine banni\u00e8res au vent, ce mardi, devant le si\u00e8ge de la communaut\u00e9 de communes \u00e0 l&rsquo;appel de deux associations de d\u00e9fense de l&rsquo;environnement \u00e0 savoir D\u00e9fense de l&rsquo;environnement de la G\u00e2tine tourangelle (ADEGT) et Vent de Loire. Les deux associations affichent clairement leurs objectifs, c&rsquo;est-\u00e0-dire l&rsquo;abandon pur et simple du projet de zone \u00e9olienne sur le territoire de la CCC. Selon Pierre Teinturier, pr\u00e9sident de Vent de Loire,&nbsp;<em>\u00ab pour les riverains des communes de Saint-Nicolas-des-Motets, Auzouer-en-Touraine, Autr\u00e8che, Morand et Dame-Marie-les-Bois, c&rsquo;est une v\u00e9ritable d\u00e9claration de guerre \u00bb<\/em>.<\/p>\n\n\n\n<p>Rappelons qu&rsquo;il s&rsquo;agit pour la communaut\u00e9 de communes d&rsquo;approuver la modification de la zone de d\u00e9veloppement \u00e9olien (ZDE) existante et modifi\u00e9e par les \u00e9l\u00e9ments nouveaux de la loi dite Grenelle 2.<\/p>\n\n\n\n<p><strong>Mobilisation r\u00e9gionale<\/strong><\/p>\n\n\n\n<p>Les associations d\u00e9noncent le manque d&rsquo;information sur le projet et r\u00e9clament une consultation aupr\u00e8s de la population. Un collectif r\u00e9gional de vingt associations a d\u00e9cid\u00e9 d&rsquo;attaquer en justice le sch\u00e9ma r\u00e9gional valid\u00e9 par le pr\u00e9fet de r\u00e9gion et issu de ce Grenelle 2.<br>Sont notamment d\u00e9nonc\u00e9s par les associations la covisibilit\u00e9 avec les ch\u00e2teaux de la Loire et le fait que l&rsquo;\u00e9olien a besoin d&rsquo;\u00eatre adoss\u00e9 aux centrales thermiques pour pallier l&rsquo;intermittence du vent, toujours selon le collectif.<br>A noter que le conseil communautaire a vot\u00e9 \u00e0 main lev\u00e9e, et \u00e0 la majorit\u00e9 des \u00e9lus pr\u00e9sents, la validation des modifications.<\/p>\n","protected":false},"excerpt":{"rendered":"<div class=\"mh-excerpt\"><p>Ils \u00e9taient une cinquantaine banni\u00e8res au vent, ce mardi, devant le si\u00e8ge de la communaut\u00e9 de communes \u00e0 l&rsquo;appel de deux associations de d\u00e9fense de <a class=\"mh-excerpt-more\" href=\"https:\/\/www.adegt.com\/index.php\/presse\/\" title=\"Presse\">[&#8230;]<\/a><\/p>\n<\/div>","protected":false},"author":1,"featured_media":0,"parent":0,"menu_order":0,"comment_status":"closed","ping_status":"open","template":"","meta":{"footnotes":""},"class_list":["post-90","page","type-page","status-publish","hentry"],"_links":{"self":[{"href":"https:\/\/www.adegt.com\/index.php\/wp-json\/wp\/v2\/pages\/90","targetHints":{"allow":["GET"]}}],"collection":[{"href":"https:\/\/www.adegt.com\/index.php\/wp-json\/wp\/v2\/pages"}],"about":[{"href":"https:\/\/www.adegt.com\/index.php\/wp-json\/wp\/v2\/types\/page"}],"author":[{"embeddable":true,"href":"https:\/\/www.adegt.com\/index.php\/wp-json\/wp\/v2\/users\/1"}],"replies":[{"embeddable":true,"href":"https:\/\/www.adegt.com\/index.php\/wp-json\/wp\/v2\/comments?post=90"}],"version-history":[{"count":1,"href":"https:\/\/www.adegt.com\/index.php\/wp-json\/wp\/v2\/pages\/90\/revisions"}],"predecessor-version":[{"id":91,"href":"https:\/\/www.adegt.com\/index.php\/wp-json\/wp\/v2\/pages\/90\/revisions\/91"}],"wp:attachment":[{"href":"https:\/\/www.adegt.com\/index.php\/wp-json\/wp\/v2\/media?parent=90"}],"curies":[{"name":"wp","href":"https:\/\/api.w.org\/{rel}","templated":true}]}}